{"id":3086,"date":"2019-09-06T13:17:01","date_gmt":"2019-09-06T13:17:01","guid":{"rendered":"https:\/\/arhitektuuripreemiad.ee\/nominentidenimekiri2019\/"},"modified":"2020-12-06T16:31:21","modified_gmt":"2020-12-06T14:31:21","slug":"nominees-and-laureates","status":"publish","type":"page","link":"https:\/\/arhitektuuripreemiad.ee\/en\/nominees-and-laureates\/","title":{"rendered":"2020 Nominees"},"content":{"rendered":"<h2><strong>Nominees for the Annual Architecture Awards of Estonian Cultural Endowment <\/strong><\/h2>\n<p>&nbsp;<\/p>\n<h3>Architecture<\/h3>\n<p><strong>Fotografiska\u00a0<\/strong>&#8211; architecture:\u00a0Maarja Kask, Ralf L\u00f5oke, Andro M\u00e4nd, Margus Tamm, M\u00e4rten Peterson (Salto Arhitektuurib\u00fcroo), interior architecture:\u00a0Toomas Korb (Pink)<\/p>\n<p><strong>Kamari Wakepark Building <\/strong>&#8211;\u00a0architecture: Peeter Pere, Eva Kedelauk (Peeter Pere Arhitektid); interior architecture: Peeter Pere, Eva Kedelauk (Peeter Pere Arhitektid)<\/p>\n<p><strong>The Rural Municipal Building in Saue <\/strong>&#8211;\u00a0architecture: Karli Luik, Johan Tali, Mae K\u00f6\u00f6mnem\u00e4gi, Heidi Urb (molumba); interior architecture: Eeva Masso (eeoo studio), molumba; with contributions from: Katrin Tammsaar, Jaana Albert (eeoo studio); landscape architecture: molumba; landscaping: Maarja Gustavson (Ruumikujundusb\u00fcroo Polka)<\/p>\n<p><strong>The Joint Study and Accommodation Building of the Narva Study Centre of the Estonian Academy of Security Sciences and the Narva College of Tartu University <\/strong>&#8211;\u00a0architecture: Markus Kaasik, Kerstin Kivila, Mihkel Meriste, Gert Guriev, Siim Tiisvelt, Pirko V\u00f5mma (3+1 Arhitektid); interior architecture: Mari P\u00f5ld, Kadi Karmann, Ahti Gr\u00fcnberg, T\u00f5nis Kalve (T43 Sisearhitektid); with contributions from: Merje Karu; landscape architecture: Edgar Kaare, Priit Paalo, Laura M\u00e4nnamaa (Maastikuarhitektuurib\u00fcroo TajuRuum)<\/p>\n<p><strong>VITA Building of Tallinn University <\/strong>&#8211;\u00a0architecture: Maarja Kask, Ralf L\u00f5oke, Pelle-Sten Viiburg, Moonika Liias (Salto Arhitektuurib\u00fcroo); interior architecture: Tarmo Piirmets, Raul Tiitus (Pink); landscaping: Ruumikujundusb\u00fcroo Polka<\/p>\n<p><strong>T\u00fcri Basic School and Sports Centre <\/strong>&#8211;\u00a0architecture: Risto Parve, Kai S\u00fcda, Margit Valma, Martin Kinks, Heldi J\u00fcrisoo, Marju Tammik (KARISMA arhitektid); interior architecture: Ville Lausm\u00e4e, Gerly Vaikre (VL sisearhitektuur)<\/p>\n<p>&nbsp;<\/p>\n<h3>Interior architecture<\/h3>\n<p><strong>Interior architecture of the Kohtla-J\u00e4rve Secondary School <\/strong>&#8211; interior architecture: Pille Lausm\u00e4e-L\u00f5oke, Kerli Lepp (Pille Lausm\u00e4e Sisearhitektuuri B\u00fcroo); architecture: Margus Soonets, J\u00fcrgen Lepper, Anto Savi, Maiu Uusmaa (BOA Arhitektid); landscape architecture: Lootusprojekt<\/p>\n<p>&nbsp;<\/p>\n<h3>Reconstruction<\/h3>\n<p><strong>The Reconstruction of Narva Castle Convent House <\/strong>&#8211;\u00a0architecture ja interior architecture: Kalle Vellevoog (Arhitektuurib\u00fcroo JVR), Tiiu Truus (Stuudio Truus); project team: Andrus Andrejev, Martin Prommik, Lidia Zarudnaya, Annika Liivo; exposition: Arhitekt 11, Identity<\/p>\n<p><strong>Fat Margaret Museum and Visitor Centre <\/strong>&#8211;\u00a0architecture, reconstruction: Raivo Kotov, Andrus K\u00f5resaar, Indrek Mikk, Ingrid Viskus, Anu Ahi, Lea Laidra, Eleriin Tekko, Sten-Mark M\u00e4ndmaa, Jaanus M\u00e4nnik, Kristo R\u00e4mson (KOKO Arhitektid); room planning, logistics and functional relations: Raili Paling, Liis Lindvere, Kadri Kaldam (KOKO Arhitektid); interior architecture, exhibition design: Helen Oja, Raul Kalvo, Artur Sta\u0161kevit\u0161, Lauri L\u00e4\u00e4nelaid, Andrea Miku (Inphysica); exhibition curators: Priit L\u00e4tti, Feliks Gornischeff, Teele Saar, Mihkel Karu, Urmas Dresen (Chief Curator)<\/p>\n<p><strong>The Rural Municipality Building in Saku <\/strong>&#8211;\u00a0architecture: Alar Oruvee, Karmo T\u00f5ra, Mark Kovalenko (ROK-Projekt); interior architecture: Riin Luuk (PIN Arhitektid); architect of the original building: Valve Pormeister<\/p>\n<p>&nbsp;<\/p>\n<h3>Landscape architecture<\/h3>\n<p><strong>The New Town Centre in Elva<\/strong> &#8211;\u00a0architecture and landscape architecture: \u00dclle Maiste (Arhitektuurib\u00fcroo AT HOME), Diana Taalfeld (NU Arhitektuur); authors of the competition entry: \u00dclle Maiste (Arhitektuurib\u00fcroo AT HOME), Diana Taalfeld (NU Arhitektuur), Anne Saarniit (ubin pluss), Taavi Kuningas, Roomet Helbre (TEMPT); construction design, landscaping: Novarc Group<\/p>\n<p><strong>V\u00f5ru <\/strong><strong>Town Square<\/strong>\u00a0&#8211;\u00a0architecture: Villem Tomiste (Stuudio Tallinn); team: Risto Aim, Mirko Arras, Kaija Arroval, Helen Batista, Edgar Kaare, Kristo Klementi, Raiko Palm, Siim Porila<\/p>\n<p><strong>Kuressaare Town Centre<\/strong>\u00a0&#8211; architecture: H\u00e4li-Ann Tooms, Mari-Liis M\u00e4nnik, Katrin M\u00e4nnik, Eela Samblik, Kairit S\u00f5lg, Martin Noorv\u00e4li; construction design: Projekt Kuubis<\/p>\n<p>&nbsp;<\/p>\n<h3>Design \/ the Activity in the Field of Design<\/h3>\n<p><strong>The Public Sector Innovation Team<\/strong> &#8211;\u00a0Daniel Kotsjuba, Helelyn Tammsaar, Merilin Truuv\u00e4\u00e4rt<\/p>\n<p><strong>The Bog Fox\u00a0<\/strong>&#8211;\u00a0architecture: Sille Pihlak, Siim Tuksam (PART)<\/p>\n<p><strong>N30 \u2013 Multifunctional Outdoor Furniture<\/strong> &#8211;\u00a0authors: Pavel Sidorenko, Vitali Valtanen<\/p>\n<p>&nbsp;<\/p>\n<h3>Exhibition<\/h3>\n<p><strong>Exhibition \u201cMiracles in Concrete. Structural Engineer August Komendant\u201d<\/strong> &#8211;\u00a0curator: Carl-Dag Lige; exhibition design: Tomomi Hayashi, Andrea Ainj\u00e4rv (Hayashi-Grossschmidt Arhitektuur); graphic design: Marje Eelma (Tuumik Stuudio)<\/p>\n<p><strong>Exhibition \u201eLeisure Spaces. Holidays and Architecture in 20th Century Estonia\u201c<\/strong> &#8211;\u00a0curators: Epp Lankots, Triin Ojari; exhibition design: Silver Liiberg, \u00dclo-Tarmo St\u00f6\u00f6r, Lembit-Kaur St\u00f6\u00f6r (\u00d6\u00d6-\u00d6\u00d6 Arhitektid); graphic design: Laura Pappa<\/p>\n<p>&nbsp;<\/p>\n<h3>Architectural activity<\/h3>\n<p><strong>Car-Free Avenue in Tartu <\/strong>&#8211;\u00a0design: T\u00f5nis Arjus, Ragnar Kekkonen, Maris Peebo, Anna-Liisa Unt<\/p>\n<p><strong>Jir\u00ed Tinte\u0159a\u2019s Work in Valga<\/strong><\/p>\n<p><strong>Book \u201eThe History of Estonian Urban Development\u201c<\/strong>\u00a0&#8211; compiled by: Lilian Hansar; authors: Lilian Hansar, Kaur Alttoa, Tiina Kala, Villu Kadakas, Ragnar Nurk, Oliver Orro, Anton P\u00e4rn, Toomas Tamla<\/p>\n<p>&nbsp;<\/p>\n<h2><strong>Nominees for the Annual Awards of the Estonian Association of Architects<\/strong><\/h2>\n<p>&nbsp;<\/p>\n<p><strong>Haapsalu Episcopal Castle<\/strong> &#8211;\u00a0architecture: Margit Argus, Margit Aule, Elo Liina Kaivo, Laura Ojala (KAOS Arhitektid); landscape architecture: Kristiina Hellstr\u00f6m<\/p>\n<p><strong>Fotografiska<\/strong>\u00a0&#8211; architecture:\u00a0Maarja Kask, Ralf L\u00f5oke, Andro M\u00e4nd, Margus Tamm, M\u00e4rten Peterson (Salto Arhitektuurib\u00fcroo), interior architecture:\u00a0Toomas Korb (Pink)<\/p>\n<p><strong>Fat Margaret Museum and Visitor Centre <\/strong>&#8211;\u00a0architecture, reconstruction: Raivo Kotov, Andrus K\u00f5resaar, Indrek Mikk, Ingrid Viskus, Anu Ahi, Lea Laidra, Eleriin Tekko, Sten-Mark M\u00e4ndmaa, Jaanus M\u00e4nnik, Kristo R\u00e4mson (KOKO Arhitektid); room planning, logistics and functional relations: Raili Paling, Liis Lindvere, Kadri Kaldam (KOKO Arhitektid); interior architecture, exhibition design: Helen Oja, Raul Kalvo, Artur Sta\u0161kevit\u0161, Lauri L\u00e4\u00e4nelaid, Andrea Miku (Inphysica); exhibition curators: Priit L\u00e4tti, Feliks Gornischeff, Teele Saar, Mihkel Karu, Urmas Dresen (Chief Curator)<\/p>\n<p><strong>VITA Building of Tallinn University <\/strong>&#8211;\u00a0architecture: Maarja Kask, Ralf L\u00f5oke, Pelle-Sten Viiburg, Moonika Liias (Salto Arhitektuurib\u00fcroo); interior architecture: Tarmo Piirmets, Raul Tiitus (Pink); landscaping: Ruumikujundusb\u00fcroo Polka<\/p>\n<p><strong>V\u00f5ru <\/strong><strong>Town Square<\/strong>\u00a0&#8211;\u00a0architecture: Villem Tomiste (Stuudio Tallinn); team: Risto Aim, Mirko Arras, Kaija Arroval, Helen Batista, Edgar Kaare, Kristo Klementi, Raiko Palm, Siim Porila<\/p>\n<p>&nbsp;<\/p>\n<h2><strong>Nominees for the Award SMALL of the Estonian Association of Architects<\/strong><\/h2>\n<p>&nbsp;<\/p>\n<p><strong>Car-Free Avenue in Tartu <\/strong>&#8211;\u00a0design: T\u00f5nis Arjus, Ragnar Kekkonen, Maris Peebo, Anna-Liisa Unt<\/p>\n<p><strong>A Shed in Taga-S\u00f5rve<\/strong> &#8211;\u00a0architecture: Peeter Pere, Eva Kedelauk (Peeter Pere Arhitektid)<\/p>\n<p><strong>Maidla Nature Villa <\/strong>&#8211; architecture: Mari Hunt, Aet Ader, Karin T\u00f5ugu, Kadri Klementi (b210)<\/p>\n<p><strong>The Bog Fox\u00a0<\/strong>&#8211;\u00a0architecture: Sille Pihlak, Siim Tuksam (PART)<\/p>\n<p><strong>TAB 2019 Installation Steampunk<\/strong> &#8211;\u00a0authors: Gwyllim Jahn, Cameron Newnham (Fologram),\u00a0Soomeen Hahm (SoomeenHahm Design),\u00a0Igor Pantic<\/p>\n<p>&nbsp;<\/p>\n<h2><strong>Nominees for the Annual Awards of the Estonian Landscape Architects&#8217; Union<\/strong><\/h2>\n<p>&nbsp;<\/p>\n<h3>Town Centre<\/h3>\n<p><strong>The New Town Centre in Elva<\/strong> &#8211;\u00a0architecture and landscape architecture: \u00dclle Maiste (Arhitektuurib\u00fcroo AT HOME), Diana Taalfeld (NU Arhitektuur); authors of the competition entry: \u00dclle Maiste (Arhitektuurib\u00fcroo AT HOME), Diana Taalfeld (NU Arhitektuur), Anne Saarniit (ubin pluss), Taavi Kuningas, Roomet Helbre (TEMPT); construction design, landscaping: Novarc Group<\/p>\n<p><strong>Kuressaare Town Centre<\/strong>\u00a0&#8211; architecture: H\u00e4li-Ann Tooms, Mari-Liis M\u00e4nnik, Katrin M\u00e4nnik, Eela Samblik, Kairit S\u00f5lg, Martin Noorv\u00e4li; construction design: Projekt Kuubis<\/p>\n<p><strong>Paldiski Town Square<\/strong> &#8211; landscape architecture: Madis Vaikmaa, Martin Saarnak<\/p>\n<p>&nbsp;<\/p>\n<h3>Public Space<\/h3>\n<p><strong>The Outdoor Area of Eesti Meedia Office<\/strong> &#8211;\u00a0landscape architecture: Mirko Traks, Uku Mark P\u00e4rtel, Kristjan Talistu, Juhan Teppart, Karin Bachmann (KINO maastikuarhitektid)<\/p>\n<p><strong>The Outdoor Area of University of Tartu Delta Centre<\/strong> &#8211; landscape architecture: Kadi Nigul, Kristian Nigul (V\u00c4LI); architecture: Illimar Truverk, Sander Aas, Timo Titma, Eero Endj\u00e4rv, Janar Toomesso, Sander Paljak (Arhitekt 11); interior architecture: Kaur K\u00e4\u00e4rma, Illimar Truverk, Sander Aas (Arhitekt 11)<\/p>\n<p><strong>The Chapel and Outdoor area of the Vastseliina Episcopal Castle <\/strong>&#8211; landscape architecture: Kersti Lootus, Katri Soonberg, Kadri Uusen, Siim Lootus (Lootusprojekt)<\/p>\n<p>&nbsp;<\/p>\n<h3>Courtyard Area<\/h3>\n<p><strong>The Outdoor Area of F1 Quarter in Kopli Lines <\/strong>&#8211;\u00a0landscape architecture: Kaie Kuldkepp (N\u00dc\u00dcD arhitektid); architecture: Apex Arhitektuurib\u00fcroo<\/p>\n<p><strong>P\u00e4eva Park in Tartu <\/strong>&#8211;\u00a0landscape architecture: Kerttu K\u00f5ll (Sf\u00e4\u00e4r Planeeringud), Maarja T\u00fc\u00fcr, Anu Tammem\u00e4gi, Maarja Gustavson; architecture: Anu Tammem\u00e4gi (AT Arhitektuur)<\/p>\n<p><strong>The Inner Courtyard of Uus-Veerenni Residential Area <\/strong>&#8211;\u00a0landscape architecture: Mirko Traks, Uku Mark P\u00e4rtel, Kristjan Talistu, Juhan Teppart, Karin Bachmann (KINO maastikuarhitektid)<\/p>\n<p>&nbsp;<\/p>\n<h3>Special Award<\/h3>\n<p><strong>Car-Free Avenue in Tartu <\/strong>&#8211;\u00a0design: T\u00f5nis Arjus, Ragnar Kekkonen, Maris Peebo, Anna-Liisa Unt<\/p>\n<p><strong>Helle V\u00e4\u00e4rsi, a Pioneer of her Field <\/strong><\/p>\n<p><strong>V\u00f5ru <\/strong><strong>City Government<\/strong><\/p>\n<p>&nbsp;<\/p>\n<h2><strong>Nominees for the Annual Awards of the Estonian Association of Interior Architects<\/strong><\/h2>\n<p>&nbsp;<\/p>\n<p><strong>Law Firm Sirel &amp; Partners <\/strong>&#8211;\u00a0interior architecture: Anne M\u00e4\u00e4rmann (Bob), Kristi Prinzmann (Dokointerior); architecture: AB K\u00fcnnapu ja Padrik<\/p>\n<p><strong>Private Home in Kalamaja <\/strong>&#8211;\u00a0interior architecture: K\u00e4tlin \u00d6lluk (Nobe Design)<\/p>\n<p><strong>Kohtla-J\u00e4rve Secondary School <\/strong>&#8211; interior architecture: Pille Lausm\u00e4e-L\u00f5oke, Kerli Lepp (Pille Lausm\u00e4e Sisearhitektuuri B\u00fcroo); architecture: Margus Soonets, J\u00fcrgen Lepper, Anto Savi, Maiu Uusmaa (BOA Arhitektid); landscape architecture: Lootusprojekt<\/p>\n<p><strong>Lift 99\u00a0<\/strong>&#8211; interior architecture: Riin K\u00e4rema, Kerli Lepp (Kuup Disain), Kristi Prinzmann (Dokointerior); architecture: Maarja Kask, Ralf L\u00f5oke, Andro M\u00e4nd, Margus Tamm, Kaisa Simon, M\u00e4rten Peterson (Salto Arhitektuurib\u00fcroo)<\/p>\n<p><strong>Lincona salon\u00a0<\/strong>&#8211;\u00a0interior architecture: Hanna Karits, Jan Skolimowski; with contributions from: Kadri Ruusna, Jaanus Saarepera<\/p>\n<p><strong>Lore bistro\u00a0<\/strong>&#8211;\u00a0interior architecture: Marit Ilison; projekteerija: Andrea Tamm<\/p>\n<p><strong>The Reconstruction of Narva Castle Convent House <\/strong>&#8211; interior architecture ja architecture: Kalle Vellevoog (Arhitektuurib\u00fcroo JVR), Tiiu Truus (Stuudio Truus); projekti meeskond: Andrus Andrejev, Martin Prommik, Lidia Zarudnaya, Annika Liivo; exposition: Arhitekt 11, Identity<\/p>\n<p><strong>Oru Hub <\/strong><strong>Hotel\u00a0<\/strong>&#8211;\u00a0interior architecture: Aet Kiivet, K\u00e4tlin \u00d6lluk (Nobe Design); projekti meeskond: Kristin Boginski (Nobe Design); br\u00e4nding, teenuste disain ja kommunikatsioon: Velvet<\/p>\n<p><strong>Fat Margaret Museum and Visitor Centre <\/strong>&#8211;\u00a0architecture, reconstruction: Raivo Kotov, Andrus K\u00f5resaar, Indrek Mikk, Ingrid Viskus, Anu Ahi, Lea Laidra, Eleriin Tekko, Sten-Mark M\u00e4ndmaa, Jaanus M\u00e4nnik, Kristo R\u00e4mson (KOKO Arhitektid); room planning, logistics and functional relations: Raili Paling, Liis Lindvere, Kadri Kaldam (KOKO Arhitektid); interior architecture, exhibition design: Helen Oja, Raul Kalvo, Artur Sta\u0161kevit\u0161, Lauri L\u00e4\u00e4nelaid, Andrea Miku (Inphysica); exhibition curators: Priit L\u00e4tti, Feliks Gornischeff, Teele Saar, Mihkel Karu, Urmas Dresen (Chief Curator)<\/p>\n<p><strong>The Joint Study and Accommodation Building of the Narva Study Centre of the Estonian Academy of Security Sciences and the Narva College of Tartu University <\/strong>&#8211; interior architecture: Mari P\u00f5ld, Kadi Karmann, Ahti Gr\u00fcnberg, T\u00f5nis Kalve (T43 Sisearhitektid); with contributions from: Merje Karu; architecture: Markus Kaasik, Kerstin Kivila, Mihkel Meriste, Gert Guriev, Siim Tiisvelt, Pirko V\u00f5mma (3+1 Arhitektid); landscape architecture: Edgar Kaare, Priit Paalo, Laura M\u00e4nnamaa (Maastikuarhitektuurib\u00fcroo TajuRuum)<\/p>\n<p><strong>Tallinn Creative Hub Gas Tower \/ Creative Agency Age Creative <\/strong>&#8211;\u00a0interior architecture: Urmas Lilleorg (Creative Fuel), Ursula S\u00f5ber; architecture: Kavakava Arhitektuurib\u00fcroo<\/p>\n<p><strong>University of Tartu Museum Permanent Exhibition \u201cMy Life\u2019s University\u201d <\/strong>&#8211;\u00a0interior and exhibition design: Mari Kurismaa; graphic design: Mari Kaljuste<\/p>\n<p><strong>Tartu \u00dclikooli Delta keskuse v\u00e4liruum<\/strong>\u00a0&#8211; interior architecture: Kaur K\u00e4\u00e4rma, Illimar Truverk, Sander Aas (Arhitekt 11); architecture: Illimar Truverk, Sander Aas, Timo Titma, Eero Endj\u00e4rv, Janar Toomesso, Sander Paljak (Arhitekt 11); landscape architecture: Kadi Nigul, Kristian Nigul (V\u00c4LI)<\/p>\n<p><strong>Terase <\/strong><strong>Loft\u00a0<\/strong>&#8211;\u00a0interior architecture: Piret Noor; architecture: Emil Urbel<\/p>\n<p><strong>Viimsi <\/strong><strong>Library\u00a0<\/strong>&#8211;\u00a0interior architecture: Anne M\u00e4\u00e4rmann (Bob), Kristi Prinzmann (Dokointerior); project manager: Mattias Agabus<\/p>\n<p>&nbsp;<\/p>\n<h2><\/h2>\n<h2><strong>Nominees for the awards of MAJA and Sirp for the best publication on architecture revealed<\/strong><\/h2>\n<p>&nbsp;<\/p>\n<h3>Nominees of MAJA magazine:<\/h3>\n<p><strong>Andres Kurg, \u201cA Hundred Issues of Critical Discussion on Architecture: a Round Table Discussion with Editors-in-Chief of MAJA\u201d<\/strong><\/p>\n<p><strong>Kaisa Ling, \u201cBathology\u201d<\/strong><\/p>\n<p><strong>Kaur Sarv<\/strong><strong>,<\/strong> <strong>\u201cReviving the \u2018Industrial Backwoods\u2019 of Tudulinna\u201d <\/strong><strong>and comment by<\/strong><strong> Lauri V\u00e4inmaa<\/strong><\/p>\n<p><strong>Roland Reemaa, \u201cWho Made This?\u201c<\/strong><\/p>\n<p><strong>Silver Sternfeldt, Aksel Part, Marju Randmer-Nellis, Julia Trunova, \u201cEnvironmental Psychology in Interior Architecture\u201c <\/strong><\/p>\n<p><strong>Toomas Tammis, \u201cSuure-Jaani Gained a Chunk of a (Town) Centre\u201d<\/strong><\/p>\n<p>&nbsp;<\/p>\n<h3><\/h3>\n<h3>Nominees of cultural weekly SIRP:<\/h3>\n<p><strong>Anna-Liisa Unt, \u201cLongero\u201c<\/strong><\/p>\n<p><strong>Elo Kiivet, \u201cStone Women are Invisible\u201d<\/strong><\/p>\n<p><strong>Laura Linsi, \u201cIn Whose Interest are the Requirements for Dwellings?\u201d<\/strong><\/p>\n<p><strong>Margit Mutso, \u201cThe Black Highway and the Red Bog Fox\u201d<\/strong><\/p>\n<p><strong>Mats-Laes Nuter, \u201cImpossible only in Tallinn\u201d<\/strong><\/p>\n<p><strong>Mihhail Koma\u0161ko, \u201cFrom Hate to Love\u201d<\/strong><\/p>\n<p>&nbsp;<\/p>\n<p>&nbsp;<\/p>\n<p>Nominees are in alphabetical order!<\/p>\n<p><a href=\"https:\/\/www.facebook.com\/events\/724454551486942\">Laureates will be announced on 9th of December 2020<\/a>!<\/p>\n","protected":false},"excerpt":{"rendered":"<p>Nominees for the Annual Architecture Awards of Estonian Cultural Endowment &nbsp; Architecture Fotografiska\u00a0&#8211; architecture:\u00a0Maarja Kask, Ralf L\u00f5oke, Andro M\u00e4nd, Margus Tamm, M\u00e4rten Peterson (Salto Arhitektuurib\u00fcroo), interior architecture:\u00a0Toomas Korb (Pink) Kamari Wakepark Building &#8211;\u00a0architecture: Peeter Pere, Eva Kedelauk (Peeter Pere Arhitektid); interior architecture: Peeter Pere, Eva Kedelauk (Peeter Pere Arhitektid) The Rural Municipal Building in Saue [&hellip;]<\/p>\n","protected":false},"author":1,"featured_media":0,"parent":0,"menu_order":0,"comment_status":"closed","ping_status":"closed","template":"","meta":{"_acf_changed":false,"footnotes":""},"acf":[],"yoast_head":"<!-- This site is optimized with the Yoast SEO plugin v22.8 - https:\/\/yoast.com\/wordpress\/plugins\/seo\/ -->\n<title>2020 Nominees - Estonian Architecture Awards<\/title>\n<meta name=\"robots\" content=\"index, follow, max-snippet:-1, max-image-preview:large, max-video-preview:-1\" \/>\n<link rel=\"canonical\" href=\"https:\/\/arhitektuuripreemiad.ee\/en\/nominees-and-laureates\/\" \/>\n<meta property=\"og:locale\" content=\"en_US\" \/>\n<meta property=\"og:type\" content=\"article\" \/>\n<meta property=\"og:title\" content=\"2020 Nominees - Estonian Architecture Awards\" \/>\n<meta property=\"og:description\" content=\"Nominees for the Annual Architecture Awards of Estonian Cultural Endowment &nbsp; Architecture Fotografiska\u00a0&#8211; architecture:\u00a0Maarja Kask, Ralf L\u00f5oke, Andro M\u00e4nd, Margus Tamm, M\u00e4rten Peterson (Salto Arhitektuurib\u00fcroo), interior architecture:\u00a0Toomas Korb (Pink) Kamari Wakepark Building &#8211;\u00a0architecture: Peeter Pere, Eva Kedelauk (Peeter Pere Arhitektid); interior architecture: Peeter Pere, Eva Kedelauk (Peeter Pere Arhitektid) The Rural Municipal Building in Saue [&hellip;]\" \/>\n<meta property=\"og:url\" content=\"https:\/\/arhitektuuripreemiad.ee\/en\/nominees-and-laureates\/\" \/>\n<meta property=\"og:site_name\" content=\"Estonian Architecture Awards\" \/>\n<meta property=\"article:publisher\" content=\"https:\/\/www.facebook.com\/EestiArhitektuuripreemiad\/\" \/>\n<meta property=\"article:modified_time\" content=\"2020-12-06T14:31:21+00:00\" \/>\n<meta name=\"twitter:card\" content=\"summary_large_image\" \/>\n<meta name=\"twitter:label1\" content=\"Est. reading time\" \/>\n\t<meta name=\"twitter:data1\" content=\"9 minutes\" \/>\n<script type=\"application\/ld+json\" class=\"yoast-schema-graph\">{\"@context\":\"https:\/\/schema.org\",\"@graph\":[{\"@type\":\"WebPage\",\"@id\":\"https:\/\/arhitektuuripreemiad.ee\/en\/nominees-and-laureates\/\",\"url\":\"https:\/\/arhitektuuripreemiad.ee\/en\/nominees-and-laureates\/\",\"name\":\"2020 Nominees - Estonian Architecture Awards\",\"isPartOf\":{\"@id\":\"https:\/\/arhitektuuripreemiad.ee\/en\/#website\"},\"datePublished\":\"2019-09-06T13:17:01+00:00\",\"dateModified\":\"2020-12-06T14:31:21+00:00\",\"breadcrumb\":{\"@id\":\"https:\/\/arhitektuuripreemiad.ee\/en\/nominees-and-laureates\/#breadcrumb\"},\"inLanguage\":\"en-US\",\"potentialAction\":[{\"@type\":\"ReadAction\",\"target\":[\"https:\/\/arhitektuuripreemiad.ee\/en\/nominees-and-laureates\/\"]}]},{\"@type\":\"BreadcrumbList\",\"@id\":\"https:\/\/arhitektuuripreemiad.ee\/en\/nominees-and-laureates\/#breadcrumb\",\"itemListElement\":[{\"@type\":\"ListItem\",\"position\":1,\"name\":\"Home\",\"item\":\"https:\/\/arhitektuuripreemiad.ee\/en\/avaleht\/\"},{\"@type\":\"ListItem\",\"position\":2,\"name\":\"2020 Nominees\"}]},{\"@type\":\"WebSite\",\"@id\":\"https:\/\/arhitektuuripreemiad.ee\/en\/#website\",\"url\":\"https:\/\/arhitektuuripreemiad.ee\/en\/\",\"name\":\"Eesti arhitektuuripreemiad\",\"description\":\"Eesti parim arhitektuur, sisearhitektuur, maastikuarhitektuur\",\"potentialAction\":[{\"@type\":\"SearchAction\",\"target\":{\"@type\":\"EntryPoint\",\"urlTemplate\":\"https:\/\/arhitektuuripreemiad.ee\/en\/?s={search_term_string}\"},\"query-input\":\"required name=search_term_string\"}],\"inLanguage\":\"en-US\"}]}<\/script>\n<!-- \/ Yoast SEO plugin. -->","yoast_head_json":{"title":"2020 Nominees - Estonian Architecture Awards","robots":{"index":"index","follow":"follow","max-snippet":"max-snippet:-1","max-image-preview":"max-image-preview:large","max-video-preview":"max-video-preview:-1"},"canonical":"https:\/\/arhitektuuripreemiad.ee\/en\/nominees-and-laureates\/","og_locale":"en_US","og_type":"article","og_title":"2020 Nominees - Estonian Architecture Awards","og_description":"Nominees for the Annual Architecture Awards of Estonian Cultural Endowment &nbsp; Architecture Fotografiska\u00a0&#8211; architecture:\u00a0Maarja Kask, Ralf L\u00f5oke, Andro M\u00e4nd, Margus Tamm, M\u00e4rten Peterson (Salto Arhitektuurib\u00fcroo), interior architecture:\u00a0Toomas Korb (Pink) Kamari Wakepark Building &#8211;\u00a0architecture: Peeter Pere, Eva Kedelauk (Peeter Pere Arhitektid); interior architecture: Peeter Pere, Eva Kedelauk (Peeter Pere Arhitektid) The Rural Municipal Building in Saue [&hellip;]","og_url":"https:\/\/arhitektuuripreemiad.ee\/en\/nominees-and-laureates\/","og_site_name":"Estonian Architecture Awards","article_publisher":"https:\/\/www.facebook.com\/EestiArhitektuuripreemiad\/","article_modified_time":"2020-12-06T14:31:21+00:00","twitter_card":"summary_large_image","twitter_misc":{"Est. reading time":"9 minutes"},"schema":{"@context":"https:\/\/schema.org","@graph":[{"@type":"WebPage","@id":"https:\/\/arhitektuuripreemiad.ee\/en\/nominees-and-laureates\/","url":"https:\/\/arhitektuuripreemiad.ee\/en\/nominees-and-laureates\/","name":"2020 Nominees - Estonian Architecture Awards","isPartOf":{"@id":"https:\/\/arhitektuuripreemiad.ee\/en\/#website"},"datePublished":"2019-09-06T13:17:01+00:00","dateModified":"2020-12-06T14:31:21+00:00","breadcrumb":{"@id":"https:\/\/arhitektuuripreemiad.ee\/en\/nominees-and-laureates\/#breadcrumb"},"inLanguage":"en-US","potentialAction":[{"@type":"ReadAction","target":["https:\/\/arhitektuuripreemiad.ee\/en\/nominees-and-laureates\/"]}]},{"@type":"BreadcrumbList","@id":"https:\/\/arhitektuuripreemiad.ee\/en\/nominees-and-laureates\/#breadcrumb","itemListElement":[{"@type":"ListItem","position":1,"name":"Home","item":"https:\/\/arhitektuuripreemiad.ee\/en\/avaleht\/"},{"@type":"ListItem","position":2,"name":"2020 Nominees"}]},{"@type":"WebSite","@id":"https:\/\/arhitektuuripreemiad.ee\/en\/#website","url":"https:\/\/arhitektuuripreemiad.ee\/en\/","name":"Eesti arhitektuuripreemiad","description":"Eesti parim arhitektuur, sisearhitektuur, maastikuarhitektuur","potentialAction":[{"@type":"SearchAction","target":{"@type":"EntryPoint","urlTemplate":"https:\/\/arhitektuuripreemiad.ee\/en\/?s={search_term_string}"},"query-input":"required name=search_term_string"}],"inLanguage":"en-US"}]}},"_links":{"self":[{"href":"https:\/\/arhitektuuripreemiad.ee\/en\/wp-json\/wp\/v2\/pages\/3086"}],"collection":[{"href":"https:\/\/arhitektuuripreemiad.ee\/en\/wp-json\/wp\/v2\/pages"}],"about":[{"href":"https:\/\/arhitektuuripreemiad.ee\/en\/wp-json\/wp\/v2\/types\/page"}],"author":[{"embeddable":true,"href":"https:\/\/arhitektuuripreemiad.ee\/en\/wp-json\/wp\/v2\/users\/1"}],"replies":[{"embeddable":true,"href":"https:\/\/arhitektuuripreemiad.ee\/en\/wp-json\/wp\/v2\/comments?post=3086"}],"version-history":[{"count":23,"href":"https:\/\/arhitektuuripreemiad.ee\/en\/wp-json\/wp\/v2\/pages\/3086\/revisions"}],"predecessor-version":[{"id":5197,"href":"https:\/\/arhitektuuripreemiad.ee\/en\/wp-json\/wp\/v2\/pages\/3086\/revisions\/5197"}],"wp:attachment":[{"href":"https:\/\/arhitektuuripreemiad.ee\/en\/wp-json\/wp\/v2\/media?parent=3086"}],"curies":[{"name":"wp","href":"https:\/\/api.w.org\/{rel}","templated":true}]}}